{"id":2,"date":"2025-12-15T00:25:12","date_gmt":"2025-12-14T23:25:12","guid":{"rendered":"https:\/\/qria.me\/qrcode\/?page_id=2"},"modified":"2026-03-28T13:14:28","modified_gmt":"2026-03-28T12:14:28","slug":"a-propos","status":"publish","type":"page","link":"https:\/\/qria.me\/qrcode\/","title":{"rendered":"\ud83d\ude80 Qria.me : L&rsquo;outil qui Simplifie le suivi"},"content":{"rendered":"\n<hr class=\"wp-block-separator has-alpha-channel-opacity\"\/>\n\n\n\n<p>Dans le monde num\u00e9rique d&rsquo;aujourd&rsquo;hui, r\u00e9duire les frictions est la cl\u00e9 du succ\u00e8s. Que vous soyez un entrepreneur, commercial, commer\u00e7ants, faciliter le passage et suivi du terrain au digital.<\/p>\n\n\n\n<p>C&rsquo;est l\u00e0 qu&rsquo;intervient <strong>Qria.me<\/strong>, une plateforme innovante con\u00e7ue pour <strong>transformer et simplifier radicalement votre suivi<\/strong>.<\/p>\n\n\n\n<p><\/p>\n\n\n\n<h2 class=\"wp-block-heading\">\ud83e\udd14 Qu&rsquo;est-ce que Qria.me ?<\/h2>\n\n\n\n<p>Qria.me est bien plus qu&rsquo;un simple outil. C&rsquo;est un assistant intelligent aliment\u00e9 par l&rsquo;IA qui vous aide \u00e0 passer d&rsquo;une <strong>id\u00e9e brute ou d&rsquo;un ensemble de fonctionnalit\u00e9s<\/strong>.<\/p>\n\n\n\n<p>Son objectif principal est de <strong>r\u00e9duire la friction<\/strong> et de <strong>maximiser <\/strong>les interractions physiques et digitales.<br><\/p>\n\n\n\n<div class=\"wp-block-group alignfull has-global-padding is-content-justification-center is-layout-constrained wp-container-core-group-is-layout-df757ecc wp-block-group-is-layout-constrained\" style=\"margin-top:0;margin-bottom:0;padding-top:calc( 0.5 * var(--wp--style--root--padding-right, var(--wp--custom--gap--horizontal)));padding-right:var(--wp--style--root--padding-right, var(--wp--custom--gap--horizontal));padding-bottom:calc( 0.5 * var(--wp--style--root--padding-right, var(--wp--custom--gap--horizontal)));padding-left:var(--wp--style--root--padding-left, var(--wp--custom--gap--horizontal))\">\n<div style=\"height:calc( 0.25 * var(--wp--style--root--padding-right, var(--wp--custom--gap--horizontal)))\" aria-hidden=\"true\" class=\"wp-block-spacer\"><\/div>\n<\/div>\n\n\n\n<h2 class=\"wp-block-heading\">\u2728 Les Fonctionnalit\u00e9s Cl\u00e9s qui Font la Diff\u00e9rence<\/h2>\n\n\n\n<p>Qria.me se distingue par une suite de fonctionnalit\u00e9s puissantes et intuitives :<\/p>\n\n\n\n<ul class=\"wp-block-list\">\n<li>G\u00e9n\u00e9ration de QRcode dynamique avec statistiques<\/li>\n\n\n\n<li>Scanner carte de visite<\/li>\n\n\n\n<li>R\u00e9cup\u00e9rer plus d&rsquo;avis Google<\/li>\n\n\n\n<li>Assistant IA<br><\/li>\n<\/ul>\n\n\n\n<h2 class=\"wp-block-heading\">\ud83c\udfaf \u00c0 Qui S&rsquo;adresse Qria.me ?<\/h2>\n\n\n\n<ul class=\"wp-block-list\">\n<li>Commer\u00e7ants &amp; \u00e9tablissement recevant du public<\/li>\n\n\n\n<li><strong>Professionnels du Marketing <\/strong><\/li>\n\n\n\n<li>Commerciaux<\/li>\n\n\n\n<li><strong>Entreprises <\/strong><br><\/li>\n<\/ul>\n\n\n\n<h2 class=\"wp-block-heading\">\ud83d\udca1 Le Futur est L\u00e0<\/h2>\n\n\n\n<p><em>Vous souhaitez essayer Qria.me et transformer votre fa\u00e7on de cr\u00e9er de communiquer ? <\/em><\/p>\n\n\n\n<p><em>Visitez <a href=\"https:\/\/QRia.me\">https:\/\/QRia.me<\/a> et commencez d\u00e8s aujourd&rsquo;hui !<\/em><\/p>\n\n\n\n<p><\/p>\n","protected":false},"excerpt":{"rendered":"<p>Dans le monde num\u00e9rique d&rsquo;aujourd&rsquo;hui, r\u00e9duire les frictions est la cl\u00e9 du succ\u00e8s. Que vous soyez un entrepreneur, commercial, commer\u00e7ants, faciliter le passage et suivi du terrain au digital. C&rsquo;est l\u00e0 qu&rsquo;intervient Qria.me, une plateforme innovante con\u00e7ue pour transformer et simplifier radicalement votre suivi. \ud83e\udd14 Qu&rsquo;est-ce que Qria.me ? Qria.me est bien plus qu&rsquo;un simple [&hellip;]<\/p>\n","protected":false},"author":1,"featured_media":18,"parent":0,"menu_order":0,"comment_status":"closed","ping_status":"open","template":"","meta":{"footnotes":""},"class_list":["post-2","page","type-page","status-publish","has-post-thumbnail","hentry"],"_links":{"self":[{"href":"https:\/\/qria.me\/qrcode\/wp-json\/wp\/v2\/pages\/2","targetHints":{"allow":["GET"]}}],"collection":[{"href":"https:\/\/qria.me\/qrcode\/wp-json\/wp\/v2\/pages"}],"about":[{"href":"https:\/\/qria.me\/qrcode\/wp-json\/wp\/v2\/types\/page"}],"author":[{"embeddable":true,"href":"https:\/\/qria.me\/qrcode\/wp-json\/wp\/v2\/users\/1"}],"replies":[{"embeddable":true,"href":"https:\/\/qria.me\/qrcode\/wp-json\/wp\/v2\/comments?post=2"}],"version-history":[{"count":7,"href":"https:\/\/qria.me\/qrcode\/wp-json\/wp\/v2\/pages\/2\/revisions"}],"predecessor-version":[{"id":195,"href":"https:\/\/qria.me\/qrcode\/wp-json\/wp\/v2\/pages\/2\/revisions\/195"}],"wp:featuredmedia":[{"embeddable":true,"href":"https:\/\/qria.me\/qrcode\/wp-json\/wp\/v2\/media\/18"}],"wp:attachment":[{"href":"https:\/\/qria.me\/qrcode\/wp-json\/wp\/v2\/media?parent=2"}],"curies":[{"name":"wp","href":"https:\/\/api.w.org\/{rel}","templated":true}]}}